{"id":381,"date":"2023-08-21T15:40:57","date_gmt":"2023-08-21T19:40:57","guid":{"rendered":"https:\/\/portalsismed.com.br\/?page_id=381"},"modified":"2025-03-24T13:07:03","modified_gmt":"2025-03-24T17:07:03","slug":"a-portal-tecnologia","status":"publish","type":"page","link":"https:\/\/portalsismed.com.br\/","title":{"rendered":"Portal Tecnologia"},"content":{"rendered":"\n<p>Portal Tecnologia \u00e9 uma empresa que oferece solu\u00e7\u00f5es de sistema para hospitais e cl\u00ednicas h\u00e1 mais de 25 anos. Desenvolvemos softwares que facilitam a gest\u00e3o, o controle e a qualidade dos servi\u00e7os de sa\u00fade.<\/p>\n\n\n\n<p>Alguns dos produtos da Portal Tecnologia:<\/p>\n\n\n\n<p><strong>SisMed \/ SisMedWeb<\/strong>: um sistema integrado que abrange todas as \u00e1reas de um hospital, desde o agendamento at\u00e9 o faturamento, que permite o cadastro de pacientes, consultas, exames, receitas e or\u00e7amentos.<\/p>\n\n\n\n<p class=\"has-text-align-left\"><strong>SisMedWeb Mobile<\/strong>: um aplicativo que facilita a comunica\u00e7\u00e3o entre m\u00e9dicos e pacientes, al\u00e9m de oferecer recursos como prontu\u00e1rio eletr\u00f4nico, prescri\u00e7\u00e3o digital.<\/p>\n\n\n\n<p>Nossa miss\u00e3o \u00e9 proporcionar solu\u00e7\u00f5es tecnol\u00f3gicas que melhorem a sa\u00fade das pessoas e a efici\u00eancia dos profissionais. A vis\u00e3o da empresa \u00e9 ser reconhecida como refer\u00eancia em sistemas de sa\u00fade no Brasil.<\/p>\n\n\n\n<p>Visamos buscar constantemente inova\u00e7\u00e3o e novas formas de atender \u00e0s necessidades do mercado e dos clientes com qualidade e excel\u00eancia dos produtos e servi\u00e7os oferecidos pela empresa.<\/p>\n\n\n\n<p>Agir com transpar\u00eancia, responsabilidade e respeito em todas as rela\u00e7\u00f5es.<\/p>\n\n\n\n<p>Trabalhamos sempre com dedica\u00e7\u00e3o, foco e entusiasmo para alcan\u00e7ar os objetivos da empresa e a valoriza\u00e7\u00e3o dos colaboradores. Buscamos sempre a satisfa\u00e7\u00e3o e a fideliza\u00e7\u00e3o dos nossos clientes.<\/p>\n","protected":false},"excerpt":{"rendered":"<p>Portal Tecnologia \u00e9 uma empresa que oferece solu\u00e7\u00f5es de sistema para hospitais e cl\u00ednicas h\u00e1 mais de 25 anos. Desenvolvemos softwares que facilitam a gest\u00e3o, o controle e a qualidade dos servi\u00e7os de sa\u00fade. Alguns dos produtos da Portal Tecnologia: SisMed \/ SisMedWeb: um sistema integrado que abrange todas as \u00e1reas de um hospital, desde [&hellip;]<\/p>\n","protected":false},"author":1,"featured_media":0,"parent":0,"menu_order":0,"comment_status":"closed","ping_status":"closed","template":"","meta":{"footnotes":""},"class_list":["post-381","page","type-page","status-publish","hentry"],"_links":{"self":[{"href":"https:\/\/portalsismed.com.br\/index.php?rest_route=\/wp\/v2\/pages\/381","targetHints":{"allow":["GET"]}}],"collection":[{"href":"https:\/\/portalsismed.com.br\/index.php?rest_route=\/wp\/v2\/pages"}],"about":[{"href":"https:\/\/portalsismed.com.br\/index.php?rest_route=\/wp\/v2\/types\/page"}],"author":[{"embeddable":true,"href":"https:\/\/portalsismed.com.br\/index.php?rest_route=\/wp\/v2\/users\/1"}],"replies":[{"embeddable":true,"href":"https:\/\/portalsismed.com.br\/index.php?rest_route=%2Fwp%2Fv2%2Fcomments&post=381"}],"version-history":[{"count":11,"href":"https:\/\/portalsismed.com.br\/index.php?rest_route=\/wp\/v2\/pages\/381\/revisions"}],"predecessor-version":[{"id":477,"href":"https:\/\/portalsismed.com.br\/index.php?rest_route=\/wp\/v2\/pages\/381\/revisions\/477"}],"wp:attachment":[{"href":"https:\/\/portalsismed.com.br\/index.php?rest_route=%2Fwp%2Fv2%2Fmedia&parent=381"}],"curies":[{"name":"wp","href":"https:\/\/api.w.org\/{rel}","templated":true}]}}